{"id":66,"date":"2024-11-26T13:44:53","date_gmt":"2024-11-26T12:44:53","guid":{"rendered":"http:\/\/pppradom.radompowiat.com.pl\/?page_id=66"},"modified":"2024-12-25T18:57:28","modified_gmt":"2024-12-25T17:57:28","slug":"jak-dzialamy","status":"publish","type":"page","link":"http:\/\/pppradom.radompowiat.com.pl\/?page_id=66","title":{"rendered":"Jak dzia\u0142amy"},"content":{"rendered":"\n<p>Celem dzia\u0142ania poradni jest <strong>udzielanie dzieciom<\/strong>, od momentu urodzenia,<strong> i m\u0142odzie\u017cy pomocy psychologiczno-pedagogicznej <\/strong>oraz pomocy w wyborze kierunku kszta\u0142cenia i zawodu, <strong>udzielanie rodzicom i nauczycielom <\/strong>pomocy psychologiczno-pedagogicznej zwi\u0105zanej z wychowywaniem i kszta\u0142ceniem dzieci i m\u0142odzie\u017cy, a tak\u017ce <strong>wspomaganie przedszkoli, szk\u00f3\u0142 i plac\u00f3wek <\/strong>w zakresie realizacji zada\u0144 dydaktycznych, wychowawczych i opieku\u0144czych.<\/p>\n\n\n\n<p>Do zada\u0144 poradni nale\u017cy: <\/p>\n\n\n\n<ul class=\"wp-block-list\">\n<li>diagnozowanie dzieci i m\u0142odzie\u017cy<\/li>\n\n\n\n<li>udzielanie dzieciom i m\u0142odzie\u017cy oraz rodzicom bezpo\u015bredniej pomocy psychologiczno-pedagogicznej<\/li>\n\n\n\n<li>realizowanie zada\u0144 profilaktycznych oraz wspieraj\u0105cych wychowawcz\u0105 i edukacyjn\u0105 funkcj\u0119 przedszkola, szko\u0142y i plac\u00f3wki, w tym wspieranie nauczycieli w rozwi\u0105zywaniu problem\u00f3w dydaktycznych i wychowawczych<\/li>\n\n\n\n<li>organizowanie i prowadzenie wspomagania przedszkoli, szk\u00f3\u0142 i plac\u00f3wek w zakresie realizacji zada\u0144 dydaktycznych, wychowawczych i opieku\u0144czych.<\/li>\n<\/ul>\n\n\n\n<p><strong>Poradnia realizuje zadania r\u00f3wnie\u017c poza siedzib\u0105 poradni<\/strong>, w szczeg\u00f3lno\u015bci w przedszkolu, szkole, plac\u00f3wce oraz w \u015brodowisku rodzinnym dzieci i m\u0142odzie\u017cy (badania diagnostyczne w \u015brodowisku rodzinnym &#8211; w szczeg\u00f3lnie uzasadnionych przypadkach).<\/p>\n\n\n\n<p><strong>Rejon dzia\u0142ania poradni<\/strong> zosta\u0142 okre\u015blony przez organ prowadz\u0105cy i <strong>obejmuje przedszkola, szko\u0142y i plac\u00f3wki z terenu 7 gmin powiatu radomskiego: <\/strong>G\u00f3zd, Jastrz\u0119bia, Jedli\u0144sk, Kowala, Przytyk, Wolan\u00f3w, Zakrzew oraz Publiczn\u0105 Szko\u0142\u0119 Podstawow\u0105 w Natolinie.<\/p>\n\n\n\n<p>Poradnia udziela pomocy dzieciom i m\u0142odzie\u017cy, rodzicom i nauczycielom z przedszkoli, szk\u00f3\u0142 lub plac\u00f3wek maj\u0105cych siedzib\u0119 na terenie dzia\u0142ania poradni.<\/p>\n\n\n\n<p>W przypadku dzieci i m\u0142odzie\u017cy oraz rodzic\u00f3w dzieci nieucz\u0119szczaj\u0105cych do przedszkola, szko\u0142y lub plac\u00f3wki pomocy udziela poradnia w\u0142a\u015bciwa ze wzgl\u0119du na miejsce zamieszkania dziecka.<br>Na podstawie porozumienia zawartego mi\u0119dzy organami prowadz\u0105cymi poradnie, poradnia mo\u017ce udziela\u0107 pomocy dzieciom i m\u0142odzie\u017cy, rodzicom i nauczycielom z przedszkoli, szk\u00f3\u0142 i plac\u00f3wek niemaj\u0105cych siedziby na terenie dzia\u0142ania poradni oraz niezamieszka\u0142ym na terenie dzia\u0142ania poradni dzieciom i rodzicom dzieci nieucz\u0119szczaj\u0105cych do przedszkola, szko\u0142y lub plac\u00f3wki.<\/p>\n\n\n\n<p><strong>Pomocy psychologiczno-pedagogicznej w poradni udzielaj\u0105 specjali\u015bci wykonuj\u0105cy zadania z zakresu pomocy psychologiczno-pedagogicznej<\/strong>, w szczeg\u00f3lno\u015bci psycholodzy, pedagodzy, logopedzi, doradcy zawodowi i inni, <strong>posiadaj\u0105cy kwalifikacje odpowiednie dla rodzaju wykonywanych zada\u0144<\/strong>.<\/p>\n\n\n\n<p><strong>Korzystanie z pomocy udzielanej przez poradni\u0119 jest dobrowolne i nieodp\u0142atne.<\/strong><\/p>\n","protected":false},"excerpt":{"rendered":"<p>Celem dzia\u0142ania poradni jest udzielanie dzieciom, od momentu urodzenia, i m\u0142odzie\u017cy pomocy psychologiczno-pedagogicznej oraz pomocy w wyborze kierunku kszta\u0142cenia i zawodu, udzielanie rodzicom i nauczycielom pomocy psychologiczno-pedagogicznej zwi\u0105zanej z wychowywaniem i kszta\u0142ceniem dzieci i m\u0142odzie\u017cy, a tak\u017ce wspomaganie przedszkoli, szk\u00f3\u0142 i plac\u00f3wek w zakresie realizacji zada\u0144 dydaktycznych, wychowawczych i opieku\u0144czych. [&hellip;]<\/p>\n","protected":false},"author":1,"featured_media":0,"parent":0,"menu_order":0,"comment_status":"closed","ping_status":"closed","template":"","meta":{"footnotes":""},"class_list":["post-66","page","type-page","status-publish","hentry"],"yoast_head":"<!-- This site is optimized with the Yoast SEO plugin v24.1 - https:\/\/yoast.com\/wordpress\/plugins\/seo\/ -->\n<title>Jak dzia\u0142amy - Poradnia Psychologiczno-Pedagogiczna w Radomiu<\/title>\n<meta name=\"description\" content=\"Jak dzia\u0142amy - Poradnia Psychologiczno-Pedagogiczna w Radomiu - Powiat Radomski\" \/>\n<meta name=\"robots\" content=\"index, follow, max-snippet:-1, max-image-preview:large, max-video-preview:-1\" \/>\n<link rel=\"canonical\" href=\"http:\/\/pppradom.radompowiat.com.pl\/?page_id=66\" \/>\n<meta property=\"og:locale\" content=\"en_US\" \/>\n<meta property=\"og:type\" content=\"article\" \/>\n<meta property=\"og:title\" content=\"Jak dzia\u0142amy - Poradnia Psychologiczno-Pedagogiczna w Radomiu\" \/>\n<meta property=\"og:description\" content=\"Jak dzia\u0142amy - Poradnia Psychologiczno-Pedagogiczna w Radomiu - Powiat Radomski\" \/>\n<meta property=\"og:url\" content=\"http:\/\/pppradom.radompowiat.com.pl\/?page_id=66\" \/>\n<meta property=\"og:site_name\" content=\"Poradnia Psychologiczno-Pedagogiczna w Radomiu\" \/>\n<meta property=\"article:modified_time\" content=\"2024-12-25T17:57:28+00:00\" \/>\n<meta name=\"twitter:card\" content=\"summary_large_image\" \/>\n<meta name=\"twitter:label1\" content=\"Est. reading time\" \/>\n\t<meta name=\"twitter:data1\" content=\"2 minutes\" \/>\n<script type=\"application\/ld+json\" class=\"yoast-schema-graph\">{\"@context\":\"https:\/\/schema.org\",\"@graph\":[{\"@type\":\"WebPage\",\"@id\":\"http:\/\/pppradom.radompowiat.com.pl\/?page_id=66\",\"url\":\"http:\/\/pppradom.radompowiat.com.pl\/?page_id=66\",\"name\":\"Jak dzia\u0142amy - Poradnia Psychologiczno-Pedagogiczna w Radomiu\",\"isPartOf\":{\"@id\":\"http:\/\/pppradom.radompowiat.com.pl\/#website\"},\"datePublished\":\"2024-11-26T12:44:53+00:00\",\"dateModified\":\"2024-12-25T17:57:28+00:00\",\"description\":\"Jak dzia\u0142amy - Poradnia Psychologiczno-Pedagogiczna w Radomiu - Powiat Radomski\",\"breadcrumb\":{\"@id\":\"http:\/\/pppradom.radompowiat.com.pl\/?page_id=66#breadcrumb\"},\"inLanguage\":\"en-US\",\"potentialAction\":[{\"@type\":\"ReadAction\",\"target\":[\"http:\/\/pppradom.radompowiat.com.pl\/?page_id=66\"]}]},{\"@type\":\"BreadcrumbList\",\"@id\":\"http:\/\/pppradom.radompowiat.com.pl\/?page_id=66#breadcrumb\",\"itemListElement\":[{\"@type\":\"ListItem\",\"position\":1,\"name\":\"Home\",\"item\":\"http:\/\/pppradom.radompowiat.com.pl\/\"},{\"@type\":\"ListItem\",\"position\":2,\"name\":\"Jak dzia\u0142amy\"}]},{\"@type\":\"WebSite\",\"@id\":\"http:\/\/pppradom.radompowiat.com.pl\/#website\",\"url\":\"http:\/\/pppradom.radompowiat.com.pl\/\",\"name\":\"Poradnia Psychologiczno-Pedagogiczna w Radomiu\",\"description\":\"\",\"potentialAction\":[{\"@type\":\"SearchAction\",\"target\":{\"@type\":\"EntryPoint\",\"urlTemplate\":\"http:\/\/pppradom.radompowiat.com.pl\/?s={search_term_string}\"},\"query-input\":{\"@type\":\"PropertyValueSpecification\",\"valueRequired\":true,\"valueName\":\"search_term_string\"}}],\"inLanguage\":\"en-US\"}]}<\/script>\n<!-- \/ Yoast SEO plugin. -->","yoast_head_json":{"title":"Jak dzia\u0142amy - Poradnia Psychologiczno-Pedagogiczna w Radomiu","description":"Jak dzia\u0142amy - Poradnia Psychologiczno-Pedagogiczna w Radomiu - Powiat Radomski","robots":{"index":"index","follow":"follow","max-snippet":"max-snippet:-1","max-image-preview":"max-image-preview:large","max-video-preview":"max-video-preview:-1"},"canonical":"http:\/\/pppradom.radompowiat.com.pl\/?page_id=66","og_locale":"en_US","og_type":"article","og_title":"Jak dzia\u0142amy - Poradnia Psychologiczno-Pedagogiczna w Radomiu","og_description":"Jak dzia\u0142amy - Poradnia Psychologiczno-Pedagogiczna w Radomiu - Powiat Radomski","og_url":"http:\/\/pppradom.radompowiat.com.pl\/?page_id=66","og_site_name":"Poradnia Psychologiczno-Pedagogiczna w Radomiu","article_modified_time":"2024-12-25T17:57:28+00:00","twitter_card":"summary_large_image","twitter_misc":{"Est. reading time":"2 minutes"},"schema":{"@context":"https:\/\/schema.org","@graph":[{"@type":"WebPage","@id":"http:\/\/pppradom.radompowiat.com.pl\/?page_id=66","url":"http:\/\/pppradom.radompowiat.com.pl\/?page_id=66","name":"Jak dzia\u0142amy - Poradnia Psychologiczno-Pedagogiczna w Radomiu","isPartOf":{"@id":"http:\/\/pppradom.radompowiat.com.pl\/#website"},"datePublished":"2024-11-26T12:44:53+00:00","dateModified":"2024-12-25T17:57:28+00:00","description":"Jak dzia\u0142amy - Poradnia Psychologiczno-Pedagogiczna w Radomiu - Powiat Radomski","breadcrumb":{"@id":"http:\/\/pppradom.radompowiat.com.pl\/?page_id=66#breadcrumb"},"inLanguage":"en-US","potentialAction":[{"@type":"ReadAction","target":["http:\/\/pppradom.radompowiat.com.pl\/?page_id=66"]}]},{"@type":"BreadcrumbList","@id":"http:\/\/pppradom.radompowiat.com.pl\/?page_id=66#breadcrumb","itemListElement":[{"@type":"ListItem","position":1,"name":"Home","item":"http:\/\/pppradom.radompowiat.com.pl\/"},{"@type":"ListItem","position":2,"name":"Jak dzia\u0142amy"}]},{"@type":"WebSite","@id":"http:\/\/pppradom.radompowiat.com.pl\/#website","url":"http:\/\/pppradom.radompowiat.com.pl\/","name":"Poradnia Psychologiczno-Pedagogiczna w Radomiu","description":"","potentialAction":[{"@type":"SearchAction","target":{"@type":"EntryPoint","urlTemplate":"http:\/\/pppradom.radompowiat.com.pl\/?s={search_term_string}"},"query-input":{"@type":"PropertyValueSpecification","valueRequired":true,"valueName":"search_term_string"}}],"inLanguage":"en-US"}]}},"_links":{"self":[{"href":"http:\/\/pppradom.radompowiat.com.pl\/index.php?rest_route=\/wp\/v2\/pages\/66","targetHints":{"allow":["GET"]}}],"collection":[{"href":"http:\/\/pppradom.radompowiat.com.pl\/index.php?rest_route=\/wp\/v2\/pages"}],"about":[{"href":"http:\/\/pppradom.radompowiat.com.pl\/index.php?rest_route=\/wp\/v2\/types\/page"}],"author":[{"embeddable":true,"href":"http:\/\/pppradom.radompowiat.com.pl\/index.php?rest_route=\/wp\/v2\/users\/1"}],"replies":[{"embeddable":true,"href":"http:\/\/pppradom.radompowiat.com.pl\/index.php?rest_route=%2Fwp%2Fv2%2Fcomments&post=66"}],"version-history":[{"count":4,"href":"http:\/\/pppradom.radompowiat.com.pl\/index.php?rest_route=\/wp\/v2\/pages\/66\/revisions"}],"predecessor-version":[{"id":135,"href":"http:\/\/pppradom.radompowiat.com.pl\/index.php?rest_route=\/wp\/v2\/pages\/66\/revisions\/135"}],"wp:attachment":[{"href":"http:\/\/pppradom.radompowiat.com.pl\/index.php?rest_route=%2Fwp%2Fv2%2Fmedia&parent=66"}],"curies":[{"name":"wp","href":"https:\/\/api.w.org\/{rel}","templated":true}]}}