{"id":67,"date":"2024-11-26T13:44:53","date_gmt":"2024-11-26T12:44:53","guid":{"rendered":"http:\/\/pppradom.radompowiat.com.pl\/?page_id=67"},"modified":"2025-09-17T17:43:18","modified_gmt":"2025-09-17T15:43:18","slug":"oferta","status":"publish","type":"page","link":"http:\/\/pppradom.radompowiat.com.pl\/?page_id=67","title":{"rendered":"Oferta"},"content":{"rendered":"\n<p>Poradnia Psychologiczno-Pedagogiczna w Radomiu prowadzi dzia\u0142alno\u015b\u0107 profilaktyczn\u0105, diagnostyczn\u0105 i terapeutyczn\u0105 na terenie plac\u00f3wki oraz szk\u00f3\u0142 i przedszkoli w obszarze swojego dzia\u0142ania.<\/p>\n\n\n\n<p><\/p>\n\n\n\n<p><a href=\"http:\/\/pppradom.radompowiat.com.pl\/wp-content\/uploads\/2025\/09\/oferta_25_26.pdf\">Szczeg\u00f3\u0142owa oferta dla dzieci\/uczni\u00f3w, rodzic\u00f3w oraz nauczycieli na rok szkolny 2025\/2026 dost\u0119pna tutaj>>><\/a><\/p>\n\n\n\n<p><\/p>\n\n\n\n<h2 class=\"wp-block-heading\">Diagnoza<\/h2>\n\n\n\n<p>Celem prowadzonej w poradni specjalistycznej diagnozy jest <strong>rozpoznanie i okre\u015blenie potencjalnych mo\u017cliwo\u015bci dzieci i m\u0142odzie\u017cy<\/strong> oraz <strong>ich indywidualnych potrzeb edukacyjno-wychowawczych i predyspozycji zawodowych<\/strong>.<\/p>\n\n\n\n<p>Diagnoza specjalistyczna dzieci i m\u0142odzie\u017cy obejmuje:<\/p>\n\n\n\n<ul class=\"wp-block-list\">\n<li>Indywidualne badania psychologiczne dzieci i uczni\u00f3w z deficytami w obr\u0119bie funkcji poznawczych, problemami dydaktyczno-wychowawczymi, trudno\u015bciami szkolnymi, zaburzeniami zachowania oraz trudno\u015bciami emocjonalnymi i adaptacyjnymi.<\/li>\n\n\n\n<li>Indywidualne badania pedagogiczne w celu oceny gotowo\u015bci szkolnej, ustalenia stopnia opanowania podstawowych wiadomo\u015bci i umiej\u0119tno\u015bci szkolnych oraz przyczyn trudno\u015bci w nauce, w tym specyficznych trudno\u015bci w uczeniu si\u0119.<\/li>\n\n\n\n<li>Indywidualne badania logopedyczne i neurologopedyczne w celu oceny poziomu kompetencji j\u0119zykowych dzieci i uczni\u00f3w oraz specyficznych zaburze\u0144 w obszarze mowy i komunikacji. <\/li>\n\n\n\n<li>Indywidualne badania psychologiczno-pedagogiczne dzieci i m\u0142odzie\u017cy z niepe\u0142nosprawno\u015bci\u0105 ubiegaj\u0105cych si\u0119 o wydanie opinii o potrzebie wczesnego wspomagania rozwoju dziecka lub orzeczenia o potrzebie kszta\u0142cenia specjalnego.<\/li>\n\n\n\n<li>Diagnoza psychologiczno-pedagogiczna dzieci i m\u0142odzie\u017cy wymagaj\u0105cych nauczania indywidualnego, kt\u00f3rych stan zdrowia uniemo\u017cliwia lub znacznie utrudnia ucz\u0119szczanie do szko\u0142y \/ przedszkola.<\/li>\n\n\n\n<li>Indywidualne badania logopedyczne, psychologiczne i pedagogiczne na terenie szk\u00f3\u0142 i przedszkoli.<\/li>\n\n\n\n<li>Badania dzieci w wieku od 1 miesi\u0105ca do 9 roku \u017cycia z wykorzystaniem Kart Oceny Rozwoju Psychoruchowego (KORP).<\/li>\n\n\n\n<li>Przesiewowe badania s\u0142uchu Platform\u0105 Zmys\u0142\u00f3w.<\/li>\n\n\n\n<li>Badania specjalistyczne pod k\u0105tem oceny predyspozycji zawodowych w zwi\u0105zku z przygotowaniem do wyboru zawodu i planowaniem kariery zawodowej.<\/li>\n<\/ul>\n\n\n\n<h2 class=\"wp-block-heading\">Terapia<\/h2>\n\n\n\n<p>Na terenie poradni prowadzona jest:<\/p>\n\n\n\n<ul class=\"wp-block-list\">\n<li>Indywidualna terapia psychologiczna dzieci i m\u0142odzie\u017cy z problemami emocjonalnymi (m.in. dzieci l\u0119kowych, z fobi\u0105 szkoln\u0105, z mutyzmem, z trudno\u015bciami wychowawczymi i w adaptacji spo\u0142ecznej oraz z zaburzeniami somatyczno-wegetatywnymi).<\/li>\n\n\n\n<li>Terapia uczni\u00f3w z trudno\u015bciami w nauce czytania i pisania, w tym ze specyficznymi trudno\u015bciami w uczeniu si\u0119.<\/li>\n\n\n\n<li>Indywidualna terapia logopedyczna (w tym terapia dla dzieci i m\u0142odzie\u017cy o specjalnych potrzebach edukacyjnych).<\/li>\n\n\n\n<li>Zaj\u0119cia warsztatowe dla uczni\u00f3w z zakresu profilaktyki uzale\u017cnie\u0144.<\/li>\n\n\n\n<li>Trening Umiej\u0119tno\u015bci Spo\u0142ecznych i Trening Zast\u0119powania Agresji. <\/li>\n\n\n\n<li>Interwencja kryzysowa. <\/li>\n\n\n\n<li>Mediacje rodzinne.<\/li>\n\n\n\n<li>Spotkania terapeutyczne dla rodzic\u00f3w dotycz\u0105ce korygowania postaw wychowawczych.<\/li>\n<\/ul>\n\n\n\n<h2 class=\"wp-block-heading\">Konsultacje<\/h2>\n\n\n\n<p>Pracownicy poradni udzielaj\u0105 konsultacji uczniom, rodzicom i nauczycielom na temat:<\/p>\n\n\n\n<ul class=\"wp-block-list\">\n<li>Wspomagania wychowania dzieci i m\u0142odzie\u017cy z zaburzeniami w zachowaniu, problemami emocjonalnymi, problemami adaptacyjnymi, trudno\u015bciami okresu dojrzewania.<\/li>\n\n\n\n<li>Trudno\u015bci uczni\u00f3w w czytaniu i pisaniu &#8211; ryzyko dysleksji, specyficzne potrzeby edukacyjne.<\/li>\n\n\n\n<li>Wspomagania rozwoju i uzdolnie\u0144 dziecka, psychoedukacja rodzic\u00f3w.<\/li>\n\n\n\n<li>Prawid\u0142owo\u015bci rozwojowych mowy i komunikacji oraz pojawiaj\u0105cych si\u0119 zaburze\u0144.<\/li>\n\n\n\n<li>Pracy z dzieckiem z niepe\u0142nosprawno\u015bci\u0105 &#8211; autyzm, zesp\u00f3\u0142 Aspergera, niepe\u0142nosprawno\u015b\u0107 intelektualna, niepe\u0142nosprawno\u015b\u0107 w obr\u0119bie narz\u0105du wzroku i s\u0142uchu, niepe\u0142nosprawno\u015b\u0107 ruchowa, afazja.<\/li>\n\n\n\n<li>Orientacji edukacyjno-zawodowej.<\/li>\n\n\n\n<li>Indywidualnych i rodzinnych sytuacji kryzysowych.<\/li>\n<\/ul>\n\n\n\n<h2 class=\"wp-block-heading\">Wsp\u00f3\u0142praca ze szko\u0142ami i przedszkolami<\/h2>\n\n\n\n<p>Pracownicy poradni prowadz\u0105 spotkania na terenie plac\u00f3wek dla uczni\u00f3w, rodzic\u00f3w i nauczycieli zgodnie ze zg\u0142aszanymi potrzebami szk\u00f3\u0142 i przedszkoli.<\/p>\n\n\n\n<ul class=\"wp-block-list\">\n<li>Zaj\u0119cia grupowe dla dzieci i uczni\u00f3w prowadzone na terenie szk\u00f3\u0142 i przedszkoli, dotycz\u0105ce m.in. integracji zespo\u0142u klasowego, rozwi\u0105zywania problem\u00f3w w grupie r\u00f3wie\u015bniczej, kszta\u0142towania umiej\u0119tno\u015bci spo\u0142ecznych, wspierania uczni\u00f3w w okresie dojrzewania, wyboru dalszej drogi kszta\u0142cenia i zawodu.<\/li>\n\n\n\n<li>Prelekcje dla rodzic\u00f3w i uczni\u00f3w prowadzone na terenie szk\u00f3\u0142 i przedszkoli.<\/li>\n\n\n\n<li>Wsparcie dla nauczycieli:\n<ul class=\"wp-block-list\">\n<li>spotkania z nauczycielami, pedagogami i psychologami szk\u00f3\u0142 i przedszkoli organizowane na terenie plac\u00f3wek oraz poradni<\/li>\n\n\n\n<li>szkolenia Rad Pedagogicznych<\/li>\n\n\n\n<li>doradztwo psychologiczne na terenie szk\u00f3\u0142 i przedszkoli<\/li>\n\n\n\n<li>dzia\u0142ania interwencyjno-mediacyjne na terenie szk\u00f3\u0142 i przedszkoli<\/li>\n\n\n\n<li>wsp\u00f3\u0142praca z przedszkolami i szko\u0142ami w zakresie realizacji zalece\u0144 postdiagnostycznych zawartych w opiniach i orzeczeniach.<\/li>\n\n\n\n<li><\/li>\n<\/ul>\n<\/li>\n<\/ul>\n\n\n\n<p><\/p>\n","protected":false},"excerpt":{"rendered":"<p>Poradnia Psychologiczno-Pedagogiczna w Radomiu prowadzi dzia\u0142alno\u015b\u0107 profilaktyczn\u0105, diagnostyczn\u0105 i terapeutyczn\u0105 na terenie plac\u00f3wki oraz szk\u00f3\u0142 i przedszkoli w obszarze swojego dzia\u0142ania. Szczeg\u00f3\u0142owa oferta dla dzieci\/uczni\u00f3w, rodzic\u00f3w oraz nauczycieli na rok szkolny 2025\/2026 dost\u0119pna tutaj>>> Diagnoza Celem prowadzonej w poradni specjalistycznej diagnozy jest rozpoznanie i okre\u015blenie potencjalnych mo\u017cliwo\u015bci dzieci i m\u0142odzie\u017cy [&hellip;]<\/p>\n","protected":false},"author":1,"featured_media":0,"parent":0,"menu_order":0,"comment_status":"closed","ping_status":"closed","template":"","meta":{"footnotes":""},"class_list":["post-67","page","type-page","status-publish","hentry"],"yoast_head":"<!-- This site is optimized with the Yoast SEO plugin v24.1 - https:\/\/yoast.com\/wordpress\/plugins\/seo\/ -->\n<title>Oferta - Poradnia Psychologiczno-Pedagogiczna w Radomiu<\/title>\n<meta name=\"description\" content=\"Oferta Poradni Psychologiczno-Pedagogicznej - Diagnoza - Terapia - Konsultacje - Propozycje warsztat\u00f3w, wyk\u0142ad\u00f3w i prelekcji na rok szkolny 2024-2025\" \/>\n<meta name=\"robots\" content=\"index, follow, max-snippet:-1, max-image-preview:large, max-video-preview:-1\" \/>\n<link rel=\"canonical\" href=\"http:\/\/pppradom.radompowiat.com.pl\/?page_id=67\" \/>\n<meta property=\"og:locale\" content=\"en_US\" \/>\n<meta property=\"og:type\" content=\"article\" \/>\n<meta property=\"og:title\" content=\"Oferta - Poradnia Psychologiczno-Pedagogiczna w Radomiu\" \/>\n<meta property=\"og:description\" content=\"Oferta Poradni Psychologiczno-Pedagogicznej - Diagnoza - Terapia - Konsultacje - Propozycje warsztat\u00f3w, wyk\u0142ad\u00f3w i prelekcji na rok szkolny 2024-2025\" \/>\n<meta property=\"og:url\" content=\"http:\/\/pppradom.radompowiat.com.pl\/?page_id=67\" \/>\n<meta property=\"og:site_name\" content=\"Poradnia Psychologiczno-Pedagogiczna w Radomiu\" \/>\n<meta property=\"article:modified_time\" content=\"2025-09-17T15:43:18+00:00\" \/>\n<meta name=\"twitter:card\" content=\"summary_large_image\" \/>\n<meta name=\"twitter:label1\" content=\"Est. reading time\" \/>\n\t<meta name=\"twitter:data1\" content=\"4 minutes\" \/>\n<script type=\"application\/ld+json\" class=\"yoast-schema-graph\">{\"@context\":\"https:\/\/schema.org\",\"@graph\":[{\"@type\":\"WebPage\",\"@id\":\"http:\/\/pppradom.radompowiat.com.pl\/?page_id=67\",\"url\":\"http:\/\/pppradom.radompowiat.com.pl\/?page_id=67\",\"name\":\"Oferta - Poradnia Psychologiczno-Pedagogiczna w Radomiu\",\"isPartOf\":{\"@id\":\"http:\/\/pppradom.radompowiat.com.pl\/#website\"},\"datePublished\":\"2024-11-26T12:44:53+00:00\",\"dateModified\":\"2025-09-17T15:43:18+00:00\",\"description\":\"Oferta Poradni Psychologiczno-Pedagogicznej - Diagnoza - Terapia - Konsultacje - Propozycje warsztat\u00f3w, wyk\u0142ad\u00f3w i prelekcji na rok szkolny 2024-2025\",\"breadcrumb\":{\"@id\":\"http:\/\/pppradom.radompowiat.com.pl\/?page_id=67#breadcrumb\"},\"inLanguage\":\"en-US\",\"potentialAction\":[{\"@type\":\"ReadAction\",\"target\":[\"http:\/\/pppradom.radompowiat.com.pl\/?page_id=67\"]}]},{\"@type\":\"BreadcrumbList\",\"@id\":\"http:\/\/pppradom.radompowiat.com.pl\/?page_id=67#breadcrumb\",\"itemListElement\":[{\"@type\":\"ListItem\",\"position\":1,\"name\":\"Home\",\"item\":\"http:\/\/pppradom.radompowiat.com.pl\/\"},{\"@type\":\"ListItem\",\"position\":2,\"name\":\"Oferta\"}]},{\"@type\":\"WebSite\",\"@id\":\"http:\/\/pppradom.radompowiat.com.pl\/#website\",\"url\":\"http:\/\/pppradom.radompowiat.com.pl\/\",\"name\":\"Poradnia Psychologiczno-Pedagogiczna w Radomiu\",\"description\":\"\",\"potentialAction\":[{\"@type\":\"SearchAction\",\"target\":{\"@type\":\"EntryPoint\",\"urlTemplate\":\"http:\/\/pppradom.radompowiat.com.pl\/?s={search_term_string}\"},\"query-input\":{\"@type\":\"PropertyValueSpecification\",\"valueRequired\":true,\"valueName\":\"search_term_string\"}}],\"inLanguage\":\"en-US\"}]}<\/script>\n<!-- \/ Yoast SEO plugin. -->","yoast_head_json":{"title":"Oferta - Poradnia Psychologiczno-Pedagogiczna w Radomiu","description":"Oferta Poradni Psychologiczno-Pedagogicznej - Diagnoza - Terapia - Konsultacje - Propozycje warsztat\u00f3w, wyk\u0142ad\u00f3w i prelekcji na rok szkolny 2024-2025","robots":{"index":"index","follow":"follow","max-snippet":"max-snippet:-1","max-image-preview":"max-image-preview:large","max-video-preview":"max-video-preview:-1"},"canonical":"http:\/\/pppradom.radompowiat.com.pl\/?page_id=67","og_locale":"en_US","og_type":"article","og_title":"Oferta - Poradnia Psychologiczno-Pedagogiczna w Radomiu","og_description":"Oferta Poradni Psychologiczno-Pedagogicznej - Diagnoza - Terapia - Konsultacje - Propozycje warsztat\u00f3w, wyk\u0142ad\u00f3w i prelekcji na rok szkolny 2024-2025","og_url":"http:\/\/pppradom.radompowiat.com.pl\/?page_id=67","og_site_name":"Poradnia Psychologiczno-Pedagogiczna w Radomiu","article_modified_time":"2025-09-17T15:43:18+00:00","twitter_card":"summary_large_image","twitter_misc":{"Est. reading time":"4 minutes"},"schema":{"@context":"https:\/\/schema.org","@graph":[{"@type":"WebPage","@id":"http:\/\/pppradom.radompowiat.com.pl\/?page_id=67","url":"http:\/\/pppradom.radompowiat.com.pl\/?page_id=67","name":"Oferta - Poradnia Psychologiczno-Pedagogiczna w Radomiu","isPartOf":{"@id":"http:\/\/pppradom.radompowiat.com.pl\/#website"},"datePublished":"2024-11-26T12:44:53+00:00","dateModified":"2025-09-17T15:43:18+00:00","description":"Oferta Poradni Psychologiczno-Pedagogicznej - Diagnoza - Terapia - Konsultacje - Propozycje warsztat\u00f3w, wyk\u0142ad\u00f3w i prelekcji na rok szkolny 2024-2025","breadcrumb":{"@id":"http:\/\/pppradom.radompowiat.com.pl\/?page_id=67#breadcrumb"},"inLanguage":"en-US","potentialAction":[{"@type":"ReadAction","target":["http:\/\/pppradom.radompowiat.com.pl\/?page_id=67"]}]},{"@type":"BreadcrumbList","@id":"http:\/\/pppradom.radompowiat.com.pl\/?page_id=67#breadcrumb","itemListElement":[{"@type":"ListItem","position":1,"name":"Home","item":"http:\/\/pppradom.radompowiat.com.pl\/"},{"@type":"ListItem","position":2,"name":"Oferta"}]},{"@type":"WebSite","@id":"http:\/\/pppradom.radompowiat.com.pl\/#website","url":"http:\/\/pppradom.radompowiat.com.pl\/","name":"Poradnia Psychologiczno-Pedagogiczna w Radomiu","description":"","potentialAction":[{"@type":"SearchAction","target":{"@type":"EntryPoint","urlTemplate":"http:\/\/pppradom.radompowiat.com.pl\/?s={search_term_string}"},"query-input":{"@type":"PropertyValueSpecification","valueRequired":true,"valueName":"search_term_string"}}],"inLanguage":"en-US"}]}},"_links":{"self":[{"href":"http:\/\/pppradom.radompowiat.com.pl\/index.php?rest_route=\/wp\/v2\/pages\/67","targetHints":{"allow":["GET"]}}],"collection":[{"href":"http:\/\/pppradom.radompowiat.com.pl\/index.php?rest_route=\/wp\/v2\/pages"}],"about":[{"href":"http:\/\/pppradom.radompowiat.com.pl\/index.php?rest_route=\/wp\/v2\/types\/page"}],"author":[{"embeddable":true,"href":"http:\/\/pppradom.radompowiat.com.pl\/index.php?rest_route=\/wp\/v2\/users\/1"}],"replies":[{"embeddable":true,"href":"http:\/\/pppradom.radompowiat.com.pl\/index.php?rest_route=%2Fwp%2Fv2%2Fcomments&post=67"}],"version-history":[{"count":13,"href":"http:\/\/pppradom.radompowiat.com.pl\/index.php?rest_route=\/wp\/v2\/pages\/67\/revisions"}],"predecessor-version":[{"id":198,"href":"http:\/\/pppradom.radompowiat.com.pl\/index.php?rest_route=\/wp\/v2\/pages\/67\/revisions\/198"}],"wp:attachment":[{"href":"http:\/\/pppradom.radompowiat.com.pl\/index.php?rest_route=%2Fwp%2Fv2%2Fmedia&parent=67"}],"curies":[{"name":"wp","href":"https:\/\/api.w.org\/{rel}","templated":true}]}}