{"id":68,"date":"2024-11-26T13:44:53","date_gmt":"2024-11-26T12:44:53","guid":{"rendered":"http:\/\/pppradom.radompowiat.com.pl\/?page_id=68"},"modified":"2026-04-16T14:16:58","modified_gmt":"2026-04-16T12:16:58","slug":"do-pobrania","status":"publish","type":"page","link":"http:\/\/pppradom.radompowiat.com.pl\/?page_id=68","title":{"rendered":"Do pobrania"},"content":{"rendered":"\n<p><a href=\"http:\/\/pppradom.radompowiat.com.pl\/wp-content\/uploads\/2025\/05\/zal1.docx\">zal. 1.&nbsp;Zg\u0142oszenie dziecka\/ucznia do poradni<\/a><\/p>\n\n\n\n<p><a href=\"http:\/\/pppradom.radompowiat.com.pl\/wp-content\/uploads\/2025\/05\/zal2.docx\">zal. 2.&nbsp;Zgoda rodzica na diagnoz\u0119\/terapi\u0119\/konsultacj\u0119<\/a><\/p>\n\n\n\n<p><a href=\"http:\/\/pppradom.radompowiat.com.pl\/wp-content\/uploads\/2025\/05\/zal3.docx\">zal. 3.&nbsp;Opinia przedszkola\/szko\u0142y do Zespo\u0142u Orzekaj\u0105cego<\/a><\/p>\n\n\n\n<p><a href=\"http:\/\/pppradom.radompowiat.com.pl\/wp-content\/uploads\/2025\/05\/zal4.docx\">zal. 4. Opinia szko\u0142y\/przedszkola do Zespo\u0142u Orzekaj\u0105cego &#8211; niep. intelektualna w stopniu g\u0142\u0119bokim<\/a><\/p>\n\n\n\n<p><a href=\"http:\/\/pppradom.radompowiat.com.pl\/wp-content\/uploads\/2026\/04\/zasw_lek_ppp_2026.pdf\">zal. 5. Za\u015bwiadczenie lekarskie &#8211; Potrzeba kszta\u0142cenia specjalnego \/ Potrzeba wczesnego wspomagania rozwoju<\/a><\/p>\n\n\n\n<p><a href=\"http:\/\/pppradom.radompowiat.com.pl\/wp-content\/uploads\/2025\/05\/zal8.docx\">zal. 8.&nbsp;Za\u015bwiadczenie lekarskie &#8211; Indywidualne obowi\u0105zkowe roczne przygotowanie przedszkolne\/Indywidualne nauczanie<\/a><\/p>\n\n\n\n<p><a href=\"http:\/\/pppradom.radompowiat.com.pl\/wp-content\/uploads\/2025\/05\/zal9.docx\">zal. 9.&nbsp;Za\u015bwiadczenie lekarskie &#8211; Zindywidualizowana \u015bcie\u017cka realizacji obowi\u0105zkowego rocznego przygotowania przedszkolnego\/Zindywidualizowana \u015bcie\u017cka kszta\u0142cenia<\/a><\/p>\n\n\n\n<p><a href=\"http:\/\/pppradom.radompowiat.com.pl\/wp-content\/uploads\/2025\/05\/zal10.docx\">zal. 10.&nbsp;Dokumentacja przedszkola\/szko\u0142y &#8211; Zindywidualizowana \u015bcie\u017cka realizacji obowi\u0105zkowego rocznego przygotowania przedszkolnego\/Zindywidualizowana \u015bcie\u017cka kszta\u0142cenia<\/a><\/p>\n\n\n\n<p><a href=\"http:\/\/pppradom.radompowiat.com.pl\/wp-content\/uploads\/2025\/05\/zal11.docx\">zal. 11. Opinia przedszkola\/szko\u0142y o problemach dydaktycznych i wychowawczych (nie do Zespo\u0142u Orzekaj\u0105cego &#8211; dotyczy np. wydania zwyk\u0142ej opinii)<\/a><\/p>\n\n\n\n<p><a href=\"http:\/\/pppradom.radompowiat.com.pl\/wp-content\/uploads\/2025\/05\/zal12.docx\">zal. 12. Informacja o uczniu z trudno\u015bciami w pisaniu<\/a><\/p>\n\n\n\n<p><\/p>\n","protected":false},"excerpt":{"rendered":"<p>zal. 1.&nbsp;Zg\u0142oszenie dziecka\/ucznia do poradni zal. 2.&nbsp;Zgoda rodzica na diagnoz\u0119\/terapi\u0119\/konsultacj\u0119 zal. 3.&nbsp;Opinia przedszkola\/szko\u0142y do Zespo\u0142u Orzekaj\u0105cego zal. 4. Opinia szko\u0142y\/przedszkola do Zespo\u0142u Orzekaj\u0105cego &#8211; niep. intelektualna w stopniu g\u0142\u0119bokim zal. 5. Za\u015bwiadczenie lekarskie &#8211; Potrzeba kszta\u0142cenia specjalnego \/ Potrzeba wczesnego wspomagania rozwoju zal. 8.&nbsp;Za\u015bwiadczenie lekarskie &#8211; Indywidualne obowi\u0105zkowe roczne przygotowanie [&hellip;]<\/p>\n","protected":false},"author":1,"featured_media":0,"parent":0,"menu_order":0,"comment_status":"closed","ping_status":"closed","template":"","meta":{"footnotes":""},"class_list":["post-68","page","type-page","status-publish","hentry"],"yoast_head":"<!-- This site is optimized with the Yoast SEO plugin v24.1 - https:\/\/yoast.com\/wordpress\/plugins\/seo\/ -->\n<title>Do pobrania - Poradnia Psychologiczno-Pedagogiczna w Radomiu<\/title>\n<meta name=\"robots\" content=\"index, follow, max-snippet:-1, max-image-preview:large, max-video-preview:-1\" \/>\n<link rel=\"canonical\" href=\"https:\/\/pppradom.radompowiat.com.pl\/?page_id=68\" \/>\n<meta property=\"og:locale\" content=\"en_US\" \/>\n<meta property=\"og:type\" content=\"article\" \/>\n<meta property=\"og:title\" content=\"Do pobrania - Poradnia Psychologiczno-Pedagogiczna w Radomiu\" \/>\n<meta property=\"og:description\" content=\"zal. 1.&nbsp;Zg\u0142oszenie dziecka\/ucznia do poradni zal. 2.&nbsp;Zgoda rodzica na diagnoz\u0119\/terapi\u0119\/konsultacj\u0119 zal. 3.&nbsp;Opinia przedszkola\/szko\u0142y do Zespo\u0142u Orzekaj\u0105cego zal. 4. Opinia szko\u0142y\/przedszkola do Zespo\u0142u Orzekaj\u0105cego &#8211; niep. intelektualna w stopniu g\u0142\u0119bokim zal. 5. Za\u015bwiadczenie lekarskie &#8211; Potrzeba kszta\u0142cenia specjalnego \/ Potrzeba wczesnego wspomagania rozwoju zal. 8.&nbsp;Za\u015bwiadczenie lekarskie &#8211; Indywidualne obowi\u0105zkowe roczne przygotowanie [&hellip;]\" \/>\n<meta property=\"og:url\" content=\"https:\/\/pppradom.radompowiat.com.pl\/?page_id=68\" \/>\n<meta property=\"og:site_name\" content=\"Poradnia Psychologiczno-Pedagogiczna w Radomiu\" \/>\n<meta property=\"article:modified_time\" content=\"2026-04-16T12:16:58+00:00\" \/>\n<meta name=\"twitter:card\" content=\"summary_large_image\" \/>\n<meta name=\"twitter:label1\" content=\"Est. reading time\" \/>\n\t<meta name=\"twitter:data1\" content=\"1 minute\" \/>\n<script type=\"application\/ld+json\" class=\"yoast-schema-graph\">{\"@context\":\"https:\/\/schema.org\",\"@graph\":[{\"@type\":\"WebPage\",\"@id\":\"https:\/\/pppradom.radompowiat.com.pl\/?page_id=68\",\"url\":\"https:\/\/pppradom.radompowiat.com.pl\/?page_id=68\",\"name\":\"Do pobrania - Poradnia Psychologiczno-Pedagogiczna w Radomiu\",\"isPartOf\":{\"@id\":\"http:\/\/pppradom.radompowiat.com.pl\/#website\"},\"datePublished\":\"2024-11-26T12:44:53+00:00\",\"dateModified\":\"2026-04-16T12:16:58+00:00\",\"breadcrumb\":{\"@id\":\"https:\/\/pppradom.radompowiat.com.pl\/?page_id=68#breadcrumb\"},\"inLanguage\":\"en-US\",\"potentialAction\":[{\"@type\":\"ReadAction\",\"target\":[\"https:\/\/pppradom.radompowiat.com.pl\/?page_id=68\"]}]},{\"@type\":\"BreadcrumbList\",\"@id\":\"https:\/\/pppradom.radompowiat.com.pl\/?page_id=68#breadcrumb\",\"itemListElement\":[{\"@type\":\"ListItem\",\"position\":1,\"name\":\"Home\",\"item\":\"http:\/\/pppradom.radompowiat.com.pl\/\"},{\"@type\":\"ListItem\",\"position\":2,\"name\":\"Do pobrania\"}]},{\"@type\":\"WebSite\",\"@id\":\"http:\/\/pppradom.radompowiat.com.pl\/#website\",\"url\":\"http:\/\/pppradom.radompowiat.com.pl\/\",\"name\":\"Poradnia Psychologiczno-Pedagogiczna w Radomiu\",\"description\":\"\",\"potentialAction\":[{\"@type\":\"SearchAction\",\"target\":{\"@type\":\"EntryPoint\",\"urlTemplate\":\"http:\/\/pppradom.radompowiat.com.pl\/?s={search_term_string}\"},\"query-input\":{\"@type\":\"PropertyValueSpecification\",\"valueRequired\":true,\"valueName\":\"search_term_string\"}}],\"inLanguage\":\"en-US\"}]}<\/script>\n<!-- \/ Yoast SEO plugin. -->","yoast_head_json":{"title":"Do pobrania - Poradnia Psychologiczno-Pedagogiczna w Radomiu","robots":{"index":"index","follow":"follow","max-snippet":"max-snippet:-1","max-image-preview":"max-image-preview:large","max-video-preview":"max-video-preview:-1"},"canonical":"https:\/\/pppradom.radompowiat.com.pl\/?page_id=68","og_locale":"en_US","og_type":"article","og_title":"Do pobrania - Poradnia Psychologiczno-Pedagogiczna w Radomiu","og_description":"zal. 1.&nbsp;Zg\u0142oszenie dziecka\/ucznia do poradni zal. 2.&nbsp;Zgoda rodzica na diagnoz\u0119\/terapi\u0119\/konsultacj\u0119 zal. 3.&nbsp;Opinia przedszkola\/szko\u0142y do Zespo\u0142u Orzekaj\u0105cego zal. 4. Opinia szko\u0142y\/przedszkola do Zespo\u0142u Orzekaj\u0105cego &#8211; niep. intelektualna w stopniu g\u0142\u0119bokim zal. 5. Za\u015bwiadczenie lekarskie &#8211; Potrzeba kszta\u0142cenia specjalnego \/ Potrzeba wczesnego wspomagania rozwoju zal. 8.&nbsp;Za\u015bwiadczenie lekarskie &#8211; Indywidualne obowi\u0105zkowe roczne przygotowanie [&hellip;]","og_url":"https:\/\/pppradom.radompowiat.com.pl\/?page_id=68","og_site_name":"Poradnia Psychologiczno-Pedagogiczna w Radomiu","article_modified_time":"2026-04-16T12:16:58+00:00","twitter_card":"summary_large_image","twitter_misc":{"Est. reading time":"1 minute"},"schema":{"@context":"https:\/\/schema.org","@graph":[{"@type":"WebPage","@id":"https:\/\/pppradom.radompowiat.com.pl\/?page_id=68","url":"https:\/\/pppradom.radompowiat.com.pl\/?page_id=68","name":"Do pobrania - Poradnia Psychologiczno-Pedagogiczna w Radomiu","isPartOf":{"@id":"http:\/\/pppradom.radompowiat.com.pl\/#website"},"datePublished":"2024-11-26T12:44:53+00:00","dateModified":"2026-04-16T12:16:58+00:00","breadcrumb":{"@id":"https:\/\/pppradom.radompowiat.com.pl\/?page_id=68#breadcrumb"},"inLanguage":"en-US","potentialAction":[{"@type":"ReadAction","target":["https:\/\/pppradom.radompowiat.com.pl\/?page_id=68"]}]},{"@type":"BreadcrumbList","@id":"https:\/\/pppradom.radompowiat.com.pl\/?page_id=68#breadcrumb","itemListElement":[{"@type":"ListItem","position":1,"name":"Home","item":"http:\/\/pppradom.radompowiat.com.pl\/"},{"@type":"ListItem","position":2,"name":"Do pobrania"}]},{"@type":"WebSite","@id":"http:\/\/pppradom.radompowiat.com.pl\/#website","url":"http:\/\/pppradom.radompowiat.com.pl\/","name":"Poradnia Psychologiczno-Pedagogiczna w Radomiu","description":"","potentialAction":[{"@type":"SearchAction","target":{"@type":"EntryPoint","urlTemplate":"http:\/\/pppradom.radompowiat.com.pl\/?s={search_term_string}"},"query-input":{"@type":"PropertyValueSpecification","valueRequired":true,"valueName":"search_term_string"}}],"inLanguage":"en-US"}]}},"_links":{"self":[{"href":"http:\/\/pppradom.radompowiat.com.pl\/index.php?rest_route=\/wp\/v2\/pages\/68","targetHints":{"allow":["GET"]}}],"collection":[{"href":"http:\/\/pppradom.radompowiat.com.pl\/index.php?rest_route=\/wp\/v2\/pages"}],"about":[{"href":"http:\/\/pppradom.radompowiat.com.pl\/index.php?rest_route=\/wp\/v2\/types\/page"}],"author":[{"embeddable":true,"href":"http:\/\/pppradom.radompowiat.com.pl\/index.php?rest_route=\/wp\/v2\/users\/1"}],"replies":[{"embeddable":true,"href":"http:\/\/pppradom.radompowiat.com.pl\/index.php?rest_route=%2Fwp%2Fv2%2Fcomments&post=68"}],"version-history":[{"count":6,"href":"http:\/\/pppradom.radompowiat.com.pl\/index.php?rest_route=\/wp\/v2\/pages\/68\/revisions"}],"predecessor-version":[{"id":223,"href":"http:\/\/pppradom.radompowiat.com.pl\/index.php?rest_route=\/wp\/v2\/pages\/68\/revisions\/223"}],"wp:attachment":[{"href":"http:\/\/pppradom.radompowiat.com.pl\/index.php?rest_route=%2Fwp%2Fv2%2Fmedia&parent=68"}],"curies":[{"name":"wp","href":"https:\/\/api.w.org\/{rel}","templated":true}]}}