{"id":89,"date":"2024-12-04T16:01:48","date_gmt":"2024-12-04T15:01:48","guid":{"rendered":"http:\/\/pppradom.radompowiat.com.pl\/?page_id=89"},"modified":"2026-03-17T12:25:37","modified_gmt":"2026-03-17T11:25:37","slug":"kadra","status":"publish","type":"page","link":"http:\/\/pppradom.radompowiat.com.pl\/?page_id=89","title":{"rendered":"KADRA"},"content":{"rendered":"\n<h2 class=\"wp-block-heading\">Dyrektor<\/h2>\n\n\n\n<p>mgr <strong>Renata Otoli\u0144ska<\/strong> &#8211; psycholog, oligofrenopedagog, doradca zawodowy<\/p>\n\n\n\n<h2 class=\"wp-block-heading\">Pracownicy pedagogiczni<\/h2>\n\n\n\n<ul class=\"wp-block-list\">\n<li>mgr <strong>Dorota Ramzia-Kwa\u015bnik<\/strong> &#8211; psycholog, logopeda <\/li>\n\n\n\n<li>mgr <strong>Anna Berli\u0144ska<\/strong> &#8211; psycholog, specjalista edukacji i rehabilitacji os\u00f3b z autyzmem oraz zespo\u0142em Aspergera<\/li>\n\n\n\n<li>mgr <strong>Magdalena Suchomska<\/strong> &#8211; psycholog, specjalista wczesnego wspomagania rozwoju ma\u0142ego dziecka<\/li>\n\n\n\n<li>mgr <strong>Marcin W\u00f3jcik<\/strong> &#8211; psycholog, doradca zawodowy <\/li>\n\n\n\n<li>mgr <strong>Katarzyna Brodowska <\/strong>&#8211; pedagog, terapeuta<\/li>\n\n\n\n<li>mgr <strong>Ewa Wlaz\u0142o<\/strong> &#8211; pedagog, surdopedagog, terapeuta, specjalista wczesnego wspomagania rozwoju dzieci <\/li>\n\n\n\n<li>mgr <strong>Aleksandra \u0141ukawska<\/strong> &#8211; pedagog terapeuta, specjalista edukacji i rehabilitacji os\u00f3b z autyzmem oraz zespo\u0142em Aspergera, specjalista edukacji i rehabilitacji os\u00f3b z niepe\u0142nosprawno\u015bci\u0105 intelektualn\u0105 <\/li>\n\n\n\n<li>mgr <strong>Agnieszka Gorczyca<\/strong> &#8211; logopeda, neurologopeda, pedagog, oligofrenopedagog<\/li>\n\n\n\n<li>mgr <strong>Agnieszka \u0141achut<\/strong> &#8211; logopeda, pedagog, oligofrenopedagog<\/li>\n\n\n\n<li><strong>Zuzanna Swend<\/strong> -psycholog,<\/li>\n\n\n\n<li><strong>Agata Kozera<\/strong> &#8211; Pedagog<\/li>\n<\/ul>\n\n\n\n<h2 class=\"wp-block-heading\">Pracownicy administracji i obs\u0142ugi oraz s\u0142u\u017cby zdrowia<\/h2>\n\n\n\n<ul class=\"wp-block-list\">\n<li>mgr <strong>Monika Wolszczak<\/strong> &#8211; starszy specjalista<\/li>\n\n\n\n<li>mgr <strong>Marta G\u0142odek<\/strong> &#8211; samodzielny referent<\/li>\n\n\n\n<li>lek. <strong>Anna \u017bmudzin<\/strong> &#8211;\u00a0 lekarz, specjalista psychiatra,psychiatra dzieci i m\u0142odzie\u017cy<\/li>\n\n\n\n<li><strong>Anna Bujak<\/strong> &#8211; pracownik obs\u0142ugi<\/li>\n<\/ul>\n","protected":false},"excerpt":{"rendered":"<p>Dyrektor mgr Renata Otoli\u0144ska &#8211; psycholog, oligofrenopedagog, doradca zawodowy Pracownicy pedagogiczni Pracownicy administracji i obs\u0142ugi oraz s\u0142u\u017cby zdrowia<\/p>\n","protected":false},"author":1,"featured_media":0,"parent":0,"menu_order":0,"comment_status":"closed","ping_status":"closed","template":"","meta":{"footnotes":""},"class_list":["post-89","page","type-page","status-publish","hentry"],"yoast_head":"<!-- This site is optimized with the Yoast SEO plugin v24.1 - https:\/\/yoast.com\/wordpress\/plugins\/seo\/ -->\n<title>KADRA - Poradnia Psychologiczno-Pedagogiczna w Radomiu<\/title>\n<meta name=\"robots\" content=\"index, follow, max-snippet:-1, max-image-preview:large, max-video-preview:-1\" \/>\n<link rel=\"canonical\" href=\"http:\/\/pppradom.radompowiat.com.pl\/?page_id=89\" \/>\n<meta property=\"og:locale\" content=\"en_US\" \/>\n<meta property=\"og:type\" content=\"article\" \/>\n<meta property=\"og:title\" content=\"KADRA - Poradnia Psychologiczno-Pedagogiczna w Radomiu\" \/>\n<meta property=\"og:description\" content=\"Dyrektor mgr Renata Otoli\u0144ska &#8211; psycholog, oligofrenopedagog, doradca zawodowy Pracownicy pedagogiczni Pracownicy administracji i obs\u0142ugi oraz s\u0142u\u017cby zdrowia\" \/>\n<meta property=\"og:url\" content=\"http:\/\/pppradom.radompowiat.com.pl\/?page_id=89\" \/>\n<meta property=\"og:site_name\" content=\"Poradnia Psychologiczno-Pedagogiczna w Radomiu\" \/>\n<meta property=\"article:modified_time\" content=\"2026-03-17T11:25:37+00:00\" \/>\n<meta name=\"twitter:card\" content=\"summary_large_image\" \/>\n<meta name=\"twitter:label1\" content=\"Est. reading time\" \/>\n\t<meta name=\"twitter:data1\" content=\"1 minute\" \/>\n<script type=\"application\/ld+json\" class=\"yoast-schema-graph\">{\"@context\":\"https:\/\/schema.org\",\"@graph\":[{\"@type\":\"WebPage\",\"@id\":\"http:\/\/pppradom.radompowiat.com.pl\/?page_id=89\",\"url\":\"http:\/\/pppradom.radompowiat.com.pl\/?page_id=89\",\"name\":\"KADRA - Poradnia Psychologiczno-Pedagogiczna w Radomiu\",\"isPartOf\":{\"@id\":\"http:\/\/pppradom.radompowiat.com.pl\/#website\"},\"datePublished\":\"2024-12-04T15:01:48+00:00\",\"dateModified\":\"2026-03-17T11:25:37+00:00\",\"breadcrumb\":{\"@id\":\"http:\/\/pppradom.radompowiat.com.pl\/?page_id=89#breadcrumb\"},\"inLanguage\":\"en-US\",\"potentialAction\":[{\"@type\":\"ReadAction\",\"target\":[\"http:\/\/pppradom.radompowiat.com.pl\/?page_id=89\"]}]},{\"@type\":\"BreadcrumbList\",\"@id\":\"http:\/\/pppradom.radompowiat.com.pl\/?page_id=89#breadcrumb\",\"itemListElement\":[{\"@type\":\"ListItem\",\"position\":1,\"name\":\"Home\",\"item\":\"http:\/\/pppradom.radompowiat.com.pl\/\"},{\"@type\":\"ListItem\",\"position\":2,\"name\":\"KADRA\"}]},{\"@type\":\"WebSite\",\"@id\":\"http:\/\/pppradom.radompowiat.com.pl\/#website\",\"url\":\"http:\/\/pppradom.radompowiat.com.pl\/\",\"name\":\"Poradnia Psychologiczno-Pedagogiczna w Radomiu\",\"description\":\"\",\"potentialAction\":[{\"@type\":\"SearchAction\",\"target\":{\"@type\":\"EntryPoint\",\"urlTemplate\":\"http:\/\/pppradom.radompowiat.com.pl\/?s={search_term_string}\"},\"query-input\":{\"@type\":\"PropertyValueSpecification\",\"valueRequired\":true,\"valueName\":\"search_term_string\"}}],\"inLanguage\":\"en-US\"}]}<\/script>\n<!-- \/ Yoast SEO plugin. -->","yoast_head_json":{"title":"KADRA - Poradnia Psychologiczno-Pedagogiczna w Radomiu","robots":{"index":"index","follow":"follow","max-snippet":"max-snippet:-1","max-image-preview":"max-image-preview:large","max-video-preview":"max-video-preview:-1"},"canonical":"http:\/\/pppradom.radompowiat.com.pl\/?page_id=89","og_locale":"en_US","og_type":"article","og_title":"KADRA - Poradnia Psychologiczno-Pedagogiczna w Radomiu","og_description":"Dyrektor mgr Renata Otoli\u0144ska &#8211; psycholog, oligofrenopedagog, doradca zawodowy Pracownicy pedagogiczni Pracownicy administracji i obs\u0142ugi oraz s\u0142u\u017cby zdrowia","og_url":"http:\/\/pppradom.radompowiat.com.pl\/?page_id=89","og_site_name":"Poradnia Psychologiczno-Pedagogiczna w Radomiu","article_modified_time":"2026-03-17T11:25:37+00:00","twitter_card":"summary_large_image","twitter_misc":{"Est. reading time":"1 minute"},"schema":{"@context":"https:\/\/schema.org","@graph":[{"@type":"WebPage","@id":"http:\/\/pppradom.radompowiat.com.pl\/?page_id=89","url":"http:\/\/pppradom.radompowiat.com.pl\/?page_id=89","name":"KADRA - Poradnia Psychologiczno-Pedagogiczna w Radomiu","isPartOf":{"@id":"http:\/\/pppradom.radompowiat.com.pl\/#website"},"datePublished":"2024-12-04T15:01:48+00:00","dateModified":"2026-03-17T11:25:37+00:00","breadcrumb":{"@id":"http:\/\/pppradom.radompowiat.com.pl\/?page_id=89#breadcrumb"},"inLanguage":"en-US","potentialAction":[{"@type":"ReadAction","target":["http:\/\/pppradom.radompowiat.com.pl\/?page_id=89"]}]},{"@type":"BreadcrumbList","@id":"http:\/\/pppradom.radompowiat.com.pl\/?page_id=89#breadcrumb","itemListElement":[{"@type":"ListItem","position":1,"name":"Home","item":"http:\/\/pppradom.radompowiat.com.pl\/"},{"@type":"ListItem","position":2,"name":"KADRA"}]},{"@type":"WebSite","@id":"http:\/\/pppradom.radompowiat.com.pl\/#website","url":"http:\/\/pppradom.radompowiat.com.pl\/","name":"Poradnia Psychologiczno-Pedagogiczna w Radomiu","description":"","potentialAction":[{"@type":"SearchAction","target":{"@type":"EntryPoint","urlTemplate":"http:\/\/pppradom.radompowiat.com.pl\/?s={search_term_string}"},"query-input":{"@type":"PropertyValueSpecification","valueRequired":true,"valueName":"search_term_string"}}],"inLanguage":"en-US"}]}},"_links":{"self":[{"href":"http:\/\/pppradom.radompowiat.com.pl\/index.php?rest_route=\/wp\/v2\/pages\/89","targetHints":{"allow":["GET"]}}],"collection":[{"href":"http:\/\/pppradom.radompowiat.com.pl\/index.php?rest_route=\/wp\/v2\/pages"}],"about":[{"href":"http:\/\/pppradom.radompowiat.com.pl\/index.php?rest_route=\/wp\/v2\/types\/page"}],"author":[{"embeddable":true,"href":"http:\/\/pppradom.radompowiat.com.pl\/index.php?rest_route=\/wp\/v2\/users\/1"}],"replies":[{"embeddable":true,"href":"http:\/\/pppradom.radompowiat.com.pl\/index.php?rest_route=%2Fwp%2Fv2%2Fcomments&post=89"}],"version-history":[{"count":7,"href":"http:\/\/pppradom.radompowiat.com.pl\/index.php?rest_route=\/wp\/v2\/pages\/89\/revisions"}],"predecessor-version":[{"id":210,"href":"http:\/\/pppradom.radompowiat.com.pl\/index.php?rest_route=\/wp\/v2\/pages\/89\/revisions\/210"}],"wp:attachment":[{"href":"http:\/\/pppradom.radompowiat.com.pl\/index.php?rest_route=%2Fwp%2Fv2%2Fmedia&parent=89"}],"curies":[{"name":"wp","href":"https:\/\/api.w.org\/{rel}","templated":true}]}}